{"id":181,"date":"2020-09-11T13:20:24","date_gmt":"2020-09-11T13:20:24","guid":{"rendered":"https:\/\/niedzinska.pl\/?page_id=181"},"modified":"2020-10-12T12:29:37","modified_gmt":"2020-10-12T12:29:37","slug":"polityka-prywatnosci","status":"publish","type":"page","link":"https:\/\/niedzinska.pl\/index.php\/polityka-prywatnosci\/","title":{"rendered":"polityka prywatno\u015bci"},"content":{"rendered":"\t\t<div data-elementor-type=\"wp-page\" data-elementor-id=\"181\" class=\"elementor elementor-181\">\n\t\t\t\t\t\t<section class=\"elementor-section elementor-top-section elementor-element elementor-element-49fd62d4 elementor-section-height-min-height elementor-section-items-bottom elementor-section-stretched elementor-section-boxed elementor-section-height-default\" data-id=\"49fd62d4\" data-element_type=\"section\" id=\"uslugi\" data-settings=\"{&quot;background_background&quot;:&quot;classic&quot;,&quot;stretch_section&quot;:&quot;section-stretched&quot;}\">\n\t\t\t\t\t\t\t<div class=\"elementor-background-overlay\"><\/div>\n\t\t\t\t\t\t\t<div class=\"elementor-container elementor-column-gap-default\">\n\t\t\t\t\t<div class=\"elementor-column elementor-col-100 elementor-top-column elementor-element elementor-element-35133b56\" data-id=\"35133b56\" data-element_type=\"column\">\n\t\t\t<div class=\"elementor-widget-wrap elementor-element-populated\">\n\t\t\t\t\t\t<section class=\"elementor-section elementor-inner-section elementor-element elementor-element-492ad77 elementor-section-boxed elementor-section-height-default elementor-section-height-default\" data-id=\"492ad77\" data-element_type=\"section\" data-settings=\"{&quot;background_background&quot;:&quot;classic&quot;}\">\n\t\t\t\t\t\t<div class=\"elementor-container elementor-column-gap-default\">\n\t\t\t\t\t<div class=\"elementor-column elementor-col-100 elementor-inner-column elementor-element elementor-element-36d26dbe\" data-id=\"36d26dbe\" data-element_type=\"column\">\n\t\t\t<div class=\"elementor-widget-wrap elementor-element-populated\">\n\t\t\t\t\t\t<div class=\"elementor-element elementor-element-40f4eb28 elementor-widget elementor-widget-heading\" data-id=\"40f4eb28\" data-element_type=\"widget\" data-widget_type=\"heading.default\">\n\t\t\t\t<div class=\"elementor-widget-container\">\n\t\t\t\t\t<h1 class=\"elementor-heading-title elementor-size-default\">POLITYKA PRYWATNO\u015aCI<\/h1>\t\t\t\t<\/div>\n\t\t\t\t<\/div>\n\t\t\t\t\t<\/div>\n\t\t<\/div>\n\t\t\t\t\t<\/div>\n\t\t<\/section>\n\t\t\t\t\t<\/div>\n\t\t<\/div>\n\t\t\t\t\t<\/div>\n\t\t<\/section>\n\t\t\t\t<section class=\"elementor-section elementor-top-section elementor-element elementor-element-1d51faca elementor-section-stretched elementor-section-boxed elementor-section-height-default elementor-section-height-default\" data-id=\"1d51faca\" data-element_type=\"section\" data-settings=\"{&quot;background_background&quot;:&quot;classic&quot;,&quot;stretch_section&quot;:&quot;section-stretched&quot;}\">\n\t\t\t\t\t\t<div class=\"elementor-container elementor-column-gap-default\">\n\t\t\t\t\t<div class=\"elementor-column elementor-col-100 elementor-top-column elementor-element elementor-element-43aef8e2\" data-id=\"43aef8e2\" data-element_type=\"column\">\n\t\t\t<div class=\"elementor-widget-wrap elementor-element-populated\">\n\t\t\t\t\t\t<section class=\"elementor-section elementor-inner-section elementor-element elementor-element-7592b058 elementor-section-height-min-height elementor-section-boxed elementor-section-height-default\" data-id=\"7592b058\" data-element_type=\"section\" data-settings=\"{&quot;background_background&quot;:&quot;classic&quot;}\">\n\t\t\t\t\t\t<div class=\"elementor-container elementor-column-gap-no\">\n\t\t\t\t\t<div class=\"elementor-column elementor-col-100 elementor-inner-column elementor-element elementor-element-7138ade8\" data-id=\"7138ade8\" data-element_type=\"column\">\n\t\t\t<div class=\"elementor-widget-wrap elementor-element-populated\">\n\t\t\t\t\t\t<div class=\"elementor-element elementor-element-65678ed0 elementor-widget elementor-widget-text-editor\" data-id=\"65678ed0\" data-element_type=\"widget\" data-widget_type=\"text-editor.default\">\n\t\t\t\t<div class=\"elementor-widget-container\">\n\t\t\t\t\t\t\t\t\t<p>W zwi\u0105zku z wej\u015bciem Rozporz\u0105dzenia Parlamentu Europejskiego i Rady (UE) 2016\/679 z dnia 27 kwietnia 2016 r. w sprawie ochrony os\u00f3b fizycznych w zwi\u0105zku z przetwarzaniem danych osobowych i w sprawie swobodnego przep\u0142ywu takich danych oraz uchylenia dyrektywy 95\/46\/WE (zwane dalej: \u201eRODO\u201d) zwracamy si\u0119 do Pa\u0144stwa z pro\u015bb\u0105 o zapoznanie z zamieszczon\u0105 poni\u017cej klauzul\u0105 informacyjn\u0105 dotycz\u0105c\u0105 zasad przetwarzania danych osobowych przez firm\u0119 Tomasz Niedzi\u0144ski i Wsp\u00f3lnicy Sp.k. (zwana dalej: \u201eKancelaria Prawnicza\u201d).<\/p><p>Kancelaria Prawnicza przetwarza mi\u0119dzy innymi dane osobowe:<\/p><ul><li>klient\u00f3w Kancelarii Prawniczej b\u0119d\u0105cych osobami fizycznymi, osobami prawnymi oraz jednostkami organizacyjnymi nieposiadaj\u0105cymi osobowo\u015bci prawnej \u2013 dane osobowe os\u00f3b uprawnionych do reprezentacji takich podmiot\u00f3w, pracownik\u00f3w i wsp\u00f3\u0142pracownik\u00f3w takich klient\u00f3w;<\/li><li>dostawc\u00f3w us\u0142ug b\u0119d\u0105cych osobami fizycznymi, osobami prawnymi, jak r\u00f3wnie\u017c pracownik\u00f3w i wsp\u00f3\u0142pracownik\u00f3w dostawc\u00f3w tych us\u0142ug;<\/li><li>os\u00f3b zg\u0142aszaj\u0105cych si\u0119 do Kancelarii Prawniczej w celu uzyskania pomocy prawnej, jak r\u00f3wnie\u017c os\u00f3b, kt\u00f3rych dane zosta\u0142y uzyskane przy okazji \u015bwiadczenia takich us\u0142ug na rzecz klient\u00f3w Kancelarii;<\/li><li>os\u00f3b wsp\u00f3\u0142pracuj\u0105cych z Kancelari\u0105 Prawnicz\u0105 w spos\u00f3b sta\u0142y lub dora\u017any przy \u015bwiadczeniu us\u0142ug.<\/li><\/ul><p>Podanie danych osobowych przez Klient\u00f3w nast\u0119puje dobrowolnie.<\/p><p><strong>Administratorem Pa\u0144stwa danych osobowych<\/strong> jest firma Tomasz Niedzi\u0144ski i Wsp\u00f3lnicy Sp.k. z siedzib\u0105 w Warszawie; adres: <br \/>ul. Aleja 3 Maja 2 lok. 43<strong>, <\/strong>00-391 Warszawa. Wpisana do Rejestru Przedsi\u0119biorc\u00f3w Krajowego Rejestru S\u0105dowego prowadzonego przez S\u0105d Rejonowy dla m.st. Warszawy w Warszawie pod numerem KRS 0000241913, NIP: 525-234-69-76, dane kontaktowe:<br \/>tel.: (22) 880 08 10 \u2022 (22) 880 08 11; adres e-mail: kancelaria@niedzinski.pl<\/p><p><strong>\u00a0<\/strong><strong>Cel przetwarzania Pa\u0144stwa danych osobowych <\/strong><\/p><p>Pa\u0144stwa dane osobowe przetwarzane s\u0105 wy\u0142\u0105cznie w celu zapewnienia \u015bwiadczenia przez Kancelari\u0119 prawnicz\u0105 obs\u0142ugi prawnej zgodnie <br \/>z obowi\u0105zuj\u0105cymi regulacjami prawnymi oraz zasadami kodeksu etyki zawodu.<\/p><p>\u00a0<\/p><p>Dysponowanie przez Kancelari\u0119 Prawnicz\u0105 danymi osobowymi jest niezb\u0119dne do wykonywania um\u00f3w, kt\u00f3rych Pa\u0144stwo i Kancelaria Prawnicza s\u0105 stronami, dla realizacji obowi\u0105zk\u00f3w na\u0142o\u017conych na Kancelari\u0119 Prawnicz\u0105 przez przepisy prawa oraz dla cel\u00f3w wynikaj\u0105cych z prawnie uzasadnionych interes\u00f3w realizowanych przez administratora danych.<\/p><p>Kancelaria Prawnicza nie przetwarza danych osobowych, je\u017celi nie jest w stanie wykaza\u0107 niezb\u0119dno\u015bci przetwarzania dla realizacji kt\u00f3regokolwiek z powy\u017cszych cel\u00f3w.<\/p><p><strong>Podstawa prawna przetwarzania danych osobowych <\/strong><\/p><p>Pa\u0144stwa dane osobowe przetwarzane s\u0105 na podstawie udzielonej zgody na przetwarzanie danych osobowych, zgodnie z art. 6 ust. 1 lit. a), b), d) i f) RODO.<\/p><p>W zakresie, w jakim przetwarzanie danych osobowych nast\u0119puje w celu zawarcia i realizacji umowy z Administratorem, podanie przez Pa\u0144stwa danych jest warunkiem zawarcia umowy o \u015bwiadczenie us\u0142ug prawnych z Kancelari\u0105 Prawnicz\u0105. Podanie danych ma charakter dobrowolny, ale <br \/>w razie ich niepodania zawarcie i realizacja umowy b\u0119dzie niemo\u017cliwa.<\/p><p><strong>\u00a0<\/strong><strong>Okres przechowywania danych osobowych \u00a0<\/strong><\/p><p>Okres przetwarzania Pa\u0144stwa danych osobowych b\u0119dzie uzale\u017cniony od podstawy prawnej\u00a0\u00a0\u00a0\u00a0\u00a0 ich przetwarzania. W ka\u017cdym jednak przypadku dane osobowe, kt\u00f3rymi dysponuje Kancelaria Prawnicza, nie b\u0119d\u0105 przetwarzane przez okres kr\u00f3tszy, ni\u017c ustawowo wymagany dla przechowywania danego\u00a0 rodzaju informacji.<\/p><p><strong>\u00a0<\/strong><strong>Przys\u0142uguj\u0105ce Pa\u0144stwu prawa: <\/strong><\/p><ul><li>prawo \u017c\u0105dania od Administratora dost\u0119pu do danych osobowych, kt\u00f3re Pa\u0144stwa dotycz\u0105, ich sprostowania, usuni\u0119cia, ograniczenia przetwarzania i przenoszenia tych danych;<\/li><li>prawo do cofni\u0119cia zgody na przetwarzanie danych osobowych w dowolnym momencie bez wp\u0142ywu na zgodno\u015b\u0107 z prawem przetwarzania, kt\u00f3rego dokonano na podstawie zgody przed jej cofni\u0119ciem;<\/li><li>prawo wniesienia sprzeciwu wobec przetwarzania Pa\u0144stwa danych osobowych na podstawie przepis\u00f3w;<\/li><li>prawo wniesienia skargi do organu nadzorczego; tj.: Prezesa Urz\u0119du Ochrony Danych Osobowych, je\u015bli w ocenie przetwarzanie Pa\u0144stwa danych osobowych Kancelaria Prawnicza narusza przepisy RODO.<\/li><\/ul>\t\t\t\t\t\t\t\t<\/div>\n\t\t\t\t<\/div>\n\t\t\t\t\t<\/div>\n\t\t<\/div>\n\t\t\t\t\t<\/div>\n\t\t<\/section>\n\t\t\t\t\t<\/div>\n\t\t<\/div>\n\t\t\t\t\t<\/div>\n\t\t<\/section>\n\t\t\t\t<\/div>\n\t\t","protected":false},"excerpt":{"rendered":"<p>POLITYKA PRYWATNO\u015aCI W zwi\u0105zku z wej\u015bciem Rozporz\u0105dzenia Parlamentu Europejskiego i Rady (UE) 2016\/679 z dnia 27 kwietnia 2016 r. w sprawie ochrony os\u00f3b fizycznych w zwi\u0105zku z przetwarzaniem danych osobowych i w sprawie swobodnego przep\u0142ywu takich danych oraz uchylenia dyrektywy 95\/46\/WE (zwane dalej: \u201eRODO\u201d) zwracamy si\u0119 do Pa\u0144stwa z pro\u015bb\u0105 o zapoznanie z zamieszczon\u0105 poni\u017cej&hellip;&nbsp;<a href=\"https:\/\/niedzinska.pl\/index.php\/polityka-prywatnosci\/\" rel=\"bookmark\">Dowiedz si\u0119 wi\u0119cej &raquo;<span class=\"screen-reader-text\">polityka prywatno\u015bci<\/span><\/a><\/p>\n","protected":false},"author":1,"featured_media":0,"parent":0,"menu_order":0,"comment_status":"closed","ping_status":"closed","template":"","meta":{"neve_meta_sidebar":"full-width","neve_meta_container":"full-width","neve_meta_enable_content_width":"on","neve_meta_content_width":100,"neve_meta_title_alignment":"","neve_meta_author_avatar":"","neve_post_elements_order":"","neve_meta_disable_header":"","neve_meta_disable_footer":"","neve_meta_disable_title":"on","footnotes":""},"class_list":["post-181","page","type-page","status-publish","hentry"],"_links":{"self":[{"href":"https:\/\/niedzinska.pl\/index.php\/wp-json\/wp\/v2\/pages\/181","targetHints":{"allow":["GET"]}}],"collection":[{"href":"https:\/\/niedzinska.pl\/index.php\/wp-json\/wp\/v2\/pages"}],"about":[{"href":"https:\/\/niedzinska.pl\/index.php\/wp-json\/wp\/v2\/types\/page"}],"author":[{"embeddable":true,"href":"https:\/\/niedzinska.pl\/index.php\/wp-json\/wp\/v2\/users\/1"}],"replies":[{"embeddable":true,"href":"https:\/\/niedzinska.pl\/index.php\/wp-json\/wp\/v2\/comments?post=181"}],"version-history":[{"count":4,"href":"https:\/\/niedzinska.pl\/index.php\/wp-json\/wp\/v2\/pages\/181\/revisions"}],"predecessor-version":[{"id":217,"href":"https:\/\/niedzinska.pl\/index.php\/wp-json\/wp\/v2\/pages\/181\/revisions\/217"}],"wp:attachment":[{"href":"https:\/\/niedzinska.pl\/index.php\/wp-json\/wp\/v2\/media?parent=181"}],"curies":[{"name":"wp","href":"https:\/\/api.w.org\/{rel}","templated":true}]}}